{"id":114,"date":"2022-12-11T22:29:17","date_gmt":"2022-12-12T01:29:17","guid":{"rendered":"https:\/\/beneduzzi.com.br\/wordpress\/?page_id=114"},"modified":"2023-05-09T13:35:02","modified_gmt":"2023-05-09T16:35:02","slug":"pagina-inicial","status":"publish","type":"page","link":"https:\/\/beneduzzi.com.br\/wordpress\/","title":{"rendered":"P\u00e1gina Inicial"},"content":{"rendered":"<div id=\"pl-114\"  class=\"panel-layout\" ><div id=\"pg-114-0\"  class=\"panel-grid panel-no-style\" ><div id=\"pgc-114-0-0\"  class=\"panel-grid-cell\" ><div id=\"panel-114-0-0-0\" class=\"so-panel widget widget_circleicon-widget panel-first-child panel-last-child\" data-index=\"0\" >\t\t<div class=\"circle-icon-box circle-icon-position-top circle-icon-hide-box circle-icon-size-small \">\n\t\t\t\t\t\t\t<div class=\"circle-icon-wrapper\">\n\t\t\t\t\t\t\t\t\t\t<div class=\"circle-icon\" >\n\t\t\t\t\t\t\t\t\t\t\t\t\t<div class=\"fa fa-home\" ><\/div>\n\t\t\t\t\t\t\t\t\t\t\t<\/div> \n\t\t\t\t\t\t\t\t\t<\/div>\n\t\t\t\n\t\t\t\t\t\t\t\t\t\t<h4 >\n\t\t\t\t\tObras\t\t\t\t<\/h4>\n\t\t\t\t\t\t\n\t\t\t\t\t\t\t<p class=\"text\" >Acesse as obras e fique por dentro do que podemos te oferecer e atende-lo<\/p>\n\t\t\t\t\t\t\t\t\t\t<a href=\"https:\/\/beneduzzi.com.br\/wordpress\/?page_id=89\" class=\"more-button\" >Clique aqui e visite as obras <i><\/i><\/a>\n\t\t\t\t\t<\/div>\n\t\t<\/div><\/div><div id=\"pgc-114-0-1\"  class=\"panel-grid-cell\" ><div id=\"panel-114-0-1-0\" class=\"so-panel widget widget_circleicon-widget panel-first-child panel-last-child\" data-index=\"1\" >\t\t<div class=\"circle-icon-box circle-icon-position-top circle-icon-hide-box circle-icon-size-small \">\n\t\t\t\t\t\t\t<div class=\"circle-icon-wrapper\">\n\t\t\t\t\t\t\t\t\t\t<div class=\"circle-icon\" >\n\t\t\t\t\t\t\t\t\t\t\t\t\t<div class=\"fa fa-group\" ><\/div>\n\t\t\t\t\t\t\t\t\t\t\t<\/div> \n\t\t\t\t\t\t\t\t\t<\/div>\n\t\t\t\n\t\t\t\t\t\t\t\t\t\t<h4 >\n\t\t\t\t\tQuem somos\t\t\t\t<\/h4>\n\t\t\t\t\t\t\n\t\t\t\t\t\t\t<p class=\"text\" >Para saber mais da nossa empresa, acesse a p\u00e1gina e conhe\u00e7a a nossa hist\u00f3ria e outras informa\u00e7\u00f5es<\/p>\n\t\t\t\t\t\t\t\t\t\t<a href=\"https:\/\/beneduzzi.com.br\/wordpress\/?page_id=2\" class=\"more-button\" >Clique aqui e venha nos conhecer <i><\/i><\/a>\n\t\t\t\t\t<\/div>\n\t\t<\/div><\/div><div id=\"pgc-114-0-2\"  class=\"panel-grid-cell\" ><div id=\"panel-114-0-2-0\" class=\"so-panel widget widget_circleicon-widget panel-first-child panel-last-child\" data-index=\"2\" >\t\t<div class=\"circle-icon-box circle-icon-position-top circle-icon-hide-box circle-icon-size-small \">\n\t\t\t\t\t\t\t<div class=\"circle-icon-wrapper\">\n\t\t\t\t\t\t\t\t\t\t<div class=\"circle-icon\" >\n\t\t\t\t\t\t\t\t\t\t\t\t\t<div class=\"fa fa-phone\" ><\/div>\n\t\t\t\t\t\t\t\t\t\t\t<\/div> \n\t\t\t\t\t\t\t\t\t<\/div>\n\t\t\t\n\t\t\t\t\t\t\t\t\t\t<h4 >\n\t\t\t\t\tEntre em contato\t\t\t\t<\/h4>\n\t\t\t\t\t\t\n\t\t\t\t\t\t\t<p class=\"text\" >Conhe\u00e7a nossos canais de contato acessando a pagina contato<\/p>\n\t\t\t\t\t\t\t\t\t\t<a href=\"https:\/\/beneduzzi.com.br\/wordpress\/?page_id=147\" class=\"more-button\" >Clique aqui e entre em contato conosco <i><\/i><\/a>\n\t\t\t\t\t<\/div>\n\t\t<\/div><\/div><\/div><div id=\"pg-114-1\"  class=\"panel-grid panel-has-style\" ><div class=\"wide-grey panel-row-style panel-row-style-for-114-1\" ><div id=\"pgc-114-1-0\"  class=\"panel-grid-cell\" ><div id=\"panel-114-1-0-0\" class=\"so-panel widget widget_headline-widget panel-first-child panel-last-child\" data-index=\"3\" >\t\t<h1>Qualidade e transpar\u00eancia na sua constru\u00e7\u00e3o<\/h1>\n\t\t<div class=\"decoration\"><div class=\"decoration-inside\"><\/div><\/div>\n\t\t<h3><\/h3>\n\t\t<\/div><\/div><\/div><\/div><div id=\"pg-114-2\"  class=\"panel-grid panel-no-style\" ><div id=\"pgc-114-2-0\"  class=\"panel-grid-cell\" ><div id=\"panel-114-2-0-0\" class=\"so-panel widget widget_circleicon-widget panel-first-child panel-last-child\" data-index=\"4\" >\t\t<div class=\"circle-icon-box circle-icon-position-top circle-icon-hide-box circle-icon-size-medium \">\n\t\t\t\t\t\t\t<div class=\"circle-icon-wrapper\">\n\t\t\t\t\t\t\t\t\t\t<div class=\"circle-icon icon-style-set\" style=\"background-color: #ffffff\">\n\t\t\t\t\t\t\t\t\t\t\t\t\t<div class=\"fa fa-phone\" style=\"color: #3a3b3e\"><\/div>\n\t\t\t\t\t\t\t\t\t\t\t<\/div> \n\t\t\t\t\t\t\t\t\t<\/div>\n\t\t\t\n\t\t\t\t\t\t\t\t\t\t<h4 >\n\t\t\t\t\tTelefone\t\t\t\t<\/h4>\n\t\t\t\t\t\t\n\t\t\t\t\t\t\t<p class=\"text\" ><a href=\"https:\/\/api.whatsapp.com\/send?phone=5519997132377&amp;text=Ol\u00e1%20Beneduzzi%20Engenharia%20\" style=\"color: #5e5e5e;cursor: pointer;text-decoration: none\" target=\"_blank\">(19) 9 9713 2377<a \/><\/p>\n\t\t\t\t\t\t\t\t<\/div>\n\t\t<\/div><\/div><div id=\"pgc-114-2-1\"  class=\"panel-grid-cell\" ><div id=\"panel-114-2-1-0\" class=\"so-panel widget widget_circleicon-widget panel-first-child panel-last-child\" data-index=\"5\" >\t\t<div class=\"circle-icon-box circle-icon-position-top circle-icon-hide-box circle-icon-size-medium \">\n\t\t\t\t\t\t\t<div class=\"circle-icon-wrapper\">\n\t\t\t\t\t\t\t\t\t\t<div class=\"circle-icon icon-style-set\" style=\"background-color: #ffffff\">\n\t\t\t\t\t\t\t\t\t\t\t\t\t<div class=\"fa fa-envelope\" style=\"color: #3a3b3e\"><\/div>\n\t\t\t\t\t\t\t\t\t\t\t<\/div> \n\t\t\t\t\t\t\t\t\t<\/div>\n\t\t\t\n\t\t\t\t\t\t\t\t\t\t<h4 >\n\t\t\t\t\tE-mail\t\t\t\t<\/h4>\n\t\t\t\t\t\t\n\t\t\t\t\t\t\t<p class=\"text\" >beneduzzieng@gmail.com<\/p>\n\t\t\t\t\t\t\t\t<\/div>\n\t\t<\/div><\/div><div id=\"pgc-114-2-2\"  class=\"panel-grid-cell\" ><div id=\"panel-114-2-2-0\" class=\"so-panel widget widget_circleicon-widget panel-first-child panel-last-child\" data-index=\"6\" >\t\t<div class=\"circle-icon-box circle-icon-position-top circle-icon-hide-box circle-icon-size-medium \">\n\t\t\t\t\t\t\t<div class=\"circle-icon-wrapper\">\n\t\t\t\t\t\t\t\t\t\t<div class=\"circle-icon icon-style-set\" style=\"background-color: #ffffff\">\n\t\t\t\t\t\t\t\t\t\t\t\t\t<div class=\"fa fa-map\" style=\"color: #3a3b3e\"><\/div>\n\t\t\t\t\t\t\t\t\t\t\t<\/div> \n\t\t\t\t\t\t\t\t\t<\/div>\n\t\t\t\n\t\t\t\t\t\t\t\t\t\t<h4 >\n\t\t\t\t\tEndere\u00e7o\t\t\t\t<\/h4>\n\t\t\t\t\t\t\n\t\t\t\t\t\t\t<p class=\"text\" >Av. Dr. Rebou\u00e7as, 121 - Sala 12 - Centro, Socorro - SP, 13960-000<\/p>\n\t\t\t\t\t\t\t\t<\/div>\n\t\t<\/div><\/div><\/div><div id=\"pg-114-3\"  class=\"panel-grid panel-has-style\" ><div class=\"siteorigin-panels-stretch panel-row-style-full-width panel-row-style panel-row-style-for-114-3\" data-stretch-type=\"full-stretched-padded\" ><div id=\"pgc-114-3-0\"  class=\"panel-grid-cell\" ><div id=\"panel-114-3-0-0\" class=\"widget_text so-panel widget widget_custom_html panel-first-child panel-last-child\" data-index=\"7\" ><div class=\"textwidget custom-html-widget\"><iframe src=\"https:\/\/www.google.com\/maps\/embed?pb=!1m18!1m12!1m3!1d3683.5115096762083!2d-46.52931988449336!3d-22.597366432585307!2m3!1f0!2f0!3f0!3m2!1i1024!2i768!4f13.1!3m3!1m2!1s0x94c93fc9a14c387f%3A0xfe092963a841c1fb!2sBeneduzzi%20Engenharia!5e0!3m2!1spt-BR!2sbr!4v1671755615178!5m2!1spt-BR!2sbr\" width=\"100%\" height=\"420\" style=\"border:0;\" allowfullscreen=\"\" loading=\"lazy\" referrerpolicy=\"no-referrer-when-downgrade\"><\/iframe><\/div><\/div><\/div><\/div><\/div><\/div>","protected":false},"excerpt":{"rendered":"<p>Obras Acesse as obras e fique por dentro do que podemos te oferecer e atende-lo Clique aqui e visite as obras Quem somos Para saber mais da nossa empresa, acesse a p\u00e1gina e conhe\u00e7a a nossa hist\u00f3ria e outras informa\u00e7\u00f5es Clique aqui e venha nos conhecer Entre em contato Conhe\u00e7a nossos canais de contato acessando [&hellip;]<\/p>\n","protected":false},"author":1,"featured_media":0,"parent":0,"menu_order":0,"comment_status":"closed","ping_status":"closed","template":"home-panels.php","meta":{"footnotes":""},"class_list":["post-114","page","type-page","status-publish","hentry","post"],"_links":{"self":[{"href":"https:\/\/beneduzzi.com.br\/wordpress\/index.php?rest_route=\/wp\/v2\/pages\/114","targetHints":{"allow":["GET"]}}],"collection":[{"href":"https:\/\/beneduzzi.com.br\/wordpress\/index.php?rest_route=\/wp\/v2\/pages"}],"about":[{"href":"https:\/\/beneduzzi.com.br\/wordpress\/index.php?rest_route=\/wp\/v2\/types\/page"}],"author":[{"embeddable":true,"href":"https:\/\/beneduzzi.com.br\/wordpress\/index.php?rest_route=\/wp\/v2\/users\/1"}],"replies":[{"embeddable":true,"href":"https:\/\/beneduzzi.com.br\/wordpress\/index.php?rest_route=%2Fwp%2Fv2%2Fcomments&post=114"}],"version-history":[{"count":15,"href":"https:\/\/beneduzzi.com.br\/wordpress\/index.php?rest_route=\/wp\/v2\/pages\/114\/revisions"}],"predecessor-version":[{"id":139,"href":"https:\/\/beneduzzi.com.br\/wordpress\/index.php?rest_route=\/wp\/v2\/pages\/114\/revisions\/139"}],"wp:attachment":[{"href":"https:\/\/beneduzzi.com.br\/wordpress\/index.php?rest_route=%2Fwp%2Fv2%2Fmedia&parent=114"}],"curies":[{"name":"wp","href":"https:\/\/api.w.org\/{rel}","templated":true}]}}